{"id":2455,"date":"2022-07-25T11:21:15","date_gmt":"2022-07-25T11:21:15","guid":{"rendered":"https:\/\/www.kvalifik.hu\/\/?page_id=2455"},"modified":"2023-08-09T07:16:01","modified_gmt":"2023-08-09T07:16:01","slug":"homero-kalibralas-90-1200-c-tartomanyban","status":"publish","type":"page","link":"https:\/\/kvalifik.hu\/eng\/homero-kalibralas-90-1200-c-tartomanyban\/","title":{"rendered":"H\u0151m\u00e9r\u0151 kalibr\u00e1l\u00e1s (-90&#8230;+1200) \u00b0C tartom\u00e1nyban"},"content":{"rendered":"\t\t<div data-elementor-type=\"wp-page\" data-elementor-id=\"2455\" class=\"elementor elementor-2455\">\n\t\t\t\t\t\t\t\t\t<section class=\"elementor-section elementor-top-section elementor-element elementor-element-3bde7a73 elementor-section-boxed elementor-section-height-default elementor-section-height-default\" data-id=\"3bde7a73\" data-element_type=\"section\">\n\t\t\t\t\t\t<div class=\"elementor-container elementor-column-gap-default\">\n\t\t\t\t\t<div class=\"elementor-column elementor-col-100 elementor-top-column elementor-element elementor-element-2f6e140d\" data-id=\"2f6e140d\" data-element_type=\"column\">\n\t\t\t<div class=\"elementor-widget-wrap elementor-element-populated\">\n\t\t\t\t\t\t\t\t<div class=\"elementor-element elementor-element-3781f0bc elementor-widget elementor-widget-text-editor\" data-id=\"3781f0bc\" data-element_type=\"widget\" data-widget_type=\"text-editor.default\">\n\t\t\t\t<div class=\"elementor-widget-container\">\n\t\t\t<style>\/*! elementor - v3.10.0 - 09-01-2023 *\/\n.elementor-widget-text-editor.elementor-drop-cap-view-stacked .elementor-drop-cap{background-color:#818a91;color:#fff}.elementor-widget-text-editor.elementor-drop-cap-view-framed .elementor-drop-cap{color:#818a91;border:3px solid;background-color:transparent}.elementor-widget-text-editor:not(.elementor-drop-cap-view-default) .elementor-drop-cap{margin-top:8px}.elementor-widget-text-editor:not(.elementor-drop-cap-view-default) .elementor-drop-cap-letter{width:1em;height:1em}.elementor-widget-text-editor .elementor-drop-cap{float:left;text-align:center;line-height:1;font-size:50px}.elementor-widget-text-editor .elementor-drop-cap-letter{display:inline-block}<\/style>\t\t\t\t<h2>Thermometer calibration in (-90&#8230;+1200) \u00b0C range<\/h2><p>The measurement of temperature in various solid materials, liquids, gases, and air is essential in many areas of life. In our laboratory, we offer calibration services for thermometers and temperature measuring devices based on different principles and designs, covering a wide temperature range.<br \/><img decoding=\"async\" class=\"size-medium wp-image-2457 alignright\" src=\"https:\/\/kvalifik.hu\/eng\/wp-content\/uploads\/2022\/07\/homero.png\" alt=\"\" width=\"180\" height=\"119\" \/><\/p><ul><li>Glass thermometers and other liquid-filled expansion thermometers<\/li><li>Electronic thermometers<\/li><li>Thermocouples<\/li><li>Resistance thermometers<\/li><li>Air thermometers (air temperature gauges) (-40&#8230;+180 \u00b0C)<\/li><li>Temperature transmitters without display with voltage or current output<\/li><li>Complete measuring circuits equipped with resistance thermometers or thermocouples<\/li><\/ul><p>The calibration of the instruments can be performed on-site or in our laboratory.<\/p>\t\t\t\t\t\t<\/div>\n\t\t\t\t<\/div>\n\t\t\t\t\t<\/div>\n\t\t<\/div>\n\t\t\t\t\t\t\t<\/div>\n\t\t<\/section>\n\t\t\t\t<section class=\"elementor-section elementor-top-section elementor-element elementor-element-c17fefd elementor-section-boxed elementor-section-height-default elementor-section-height-default\" data-id=\"c17fefd\" data-element_type=\"section\">\n\t\t\t\t\t\t<div class=\"elementor-container elementor-column-gap-default\">\n\t\t\t\t\t<div class=\"elementor-column elementor-col-50 elementor-top-column elementor-element elementor-element-06bd25e\" data-id=\"06bd25e\" data-element_type=\"column\">\n\t\t\t<div class=\"elementor-widget-wrap elementor-element-populated\">\n\t\t\t\t\t\t\t\t<div class=\"elementor-element elementor-element-c2c5b89 elementor-align-right elementor-widget elementor-widget-button\" data-id=\"c2c5b89\" data-element_type=\"widget\" data-widget_type=\"button.default\">\n\t\t\t\t<div class=\"elementor-widget-container\">\n\t\t\t\t\t<div class=\"elementor-button-wrapper\">\n\t\t\t<a href=\"https:\/\/kvalifik.hu\/eng\/muszer-kalibralas\/\" class=\"elementor-button-link elementor-button elementor-size-md\" role=\"button\">\n\t\t\t\t\t\t<span class=\"elementor-button-content-wrapper\">\n\t\t\t\t\t\t\t<span class=\"elementor-button-icon elementor-align-icon-left\">\n\t\t\t\t<i aria-hidden=\"true\" class=\"far fa-edit\"><\/i>\t\t\t<\/span>\n\t\t\t\t\t\t<span class=\"elementor-button-text\">Request for quotation for calibration<\/span>\n\t\t<\/span>\n\t\t\t\t\t<\/a>\n\t\t<\/div>\n\t\t\t\t<\/div>\n\t\t\t\t<\/div>\n\t\t\t\t\t<\/div>\n\t\t<\/div>\n\t\t\t\t<div class=\"elementor-column elementor-col-50 elementor-top-column elementor-element elementor-element-47fcdf0\" data-id=\"47fcdf0\" data-element_type=\"column\">\n\t\t\t<div class=\"elementor-widget-wrap elementor-element-populated\">\n\t\t\t\t\t\t\t\t<div class=\"elementor-element elementor-element-e6845e6 elementor-align-left elementor-widget elementor-widget-button\" data-id=\"e6845e6\" data-element_type=\"widget\" data-widget_type=\"button.default\">\n\t\t\t\t<div class=\"elementor-widget-container\">\n\t\t\t\t\t<div class=\"elementor-button-wrapper\">\n\t\t\t<a href=\"https:\/\/kvalifik.hu\/eng\/uzlet\/\" class=\"elementor-button-link elementor-button elementor-size-md\" role=\"button\">\n\t\t\t\t\t\t<span class=\"elementor-button-content-wrapper\">\n\t\t\t\t\t\t\t<span class=\"elementor-button-icon elementor-align-icon-left\">\n\t\t\t\t<i aria-hidden=\"true\" class=\"fas fa-shopping-cart\"><\/i>\t\t\t<\/span>\n\t\t\t\t\t\t<span class=\"elementor-button-text\">Webshop<\/span>\n\t\t<\/span>\n\t\t\t\t\t<\/a>\n\t\t<\/div>\n\t\t\t\t<\/div>\n\t\t\t\t<\/div>\n\t\t\t\t\t<\/div>\n\t\t<\/div>\n\t\t\t\t\t\t\t<\/div>\n\t\t<\/section>\n\t\t\t\t<section class=\"elementor-section elementor-top-section elementor-element elementor-element-71d3fd5 elementor-section-boxed elementor-section-height-default elementor-section-height-default\" data-id=\"71d3fd5\" data-element_type=\"section\">\n\t\t\t\t\t\t<div class=\"elementor-container elementor-column-gap-default\">\n\t\t\t\t\t<div class=\"elementor-column elementor-col-100 elementor-top-column elementor-element elementor-element-c04e28f\" data-id=\"c04e28f\" data-element_type=\"column\">\n\t\t\t<div class=\"elementor-widget-wrap elementor-element-populated\">\n\t\t\t\t\t\t\t\t<div class=\"elementor-element elementor-element-9b567a4 elementor-widget elementor-widget-text-editor\" data-id=\"9b567a4\" data-element_type=\"widget\" data-widget_type=\"text-editor.default\">\n\t\t\t\t<div class=\"elementor-widget-container\">\n\t\t\t\t\t\t\t<h3><span style=\"color: #000000;\">Calibration deadline is 5 business days. For urgent cases, it can be completed within <span style=\"color: #ff0000;\">1 business day.<\/span><\/span><\/h3>\t\t\t\t\t\t<\/div>\n\t\t\t\t<\/div>\n\t\t\t\t\t<\/div>\n\t\t<\/div>\n\t\t\t\t\t\t\t<\/div>\n\t\t<\/section>\n\t\t\t\t<section class=\"elementor-section elementor-top-section elementor-element elementor-element-9e60bcb elementor-section-boxed elementor-section-height-default elementor-section-height-default\" data-id=\"9e60bcb\" data-element_type=\"section\">\n\t\t\t\t\t\t<div class=\"elementor-container elementor-column-gap-default\">\n\t\t\t\t\t<div class=\"elementor-column elementor-col-100 elementor-top-column elementor-element elementor-element-c191242\" data-id=\"c191242\" data-element_type=\"column\">\n\t\t\t<div class=\"elementor-widget-wrap\">\n\t\t\t\t\t\t\t\t\t<\/div>\n\t\t<\/div>\n\t\t\t\t\t\t\t<\/div>\n\t\t<\/section>\n\t\t\t\t\t\t\t<\/div>\n\t\t","protected":false},"excerpt":{"rendered":"<p>Thermometer calibration in (-90&#8230;+1200) \u00b0C range The measurement of temperature in various solid materials, liquids, gases, and air is essential in many areas of life. In our laboratory, we offer calibration services for thermometers and temperature measuring devices based on different principles and designs, covering a wide temperature range. Glass thermometers and other liquid-filled expansion [&hellip;]<\/p>\n","protected":false},"author":1,"featured_media":0,"parent":0,"menu_order":0,"comment_status":"closed","ping_status":"closed","template":"","meta":{"_sitemap_exclude":false,"_sitemap_priority":"","_sitemap_frequency":"","_mi_skip_tracking":false,"footnotes":""},"_links":{"self":[{"href":"https:\/\/kvalifik.hu\/eng\/wp-json\/wp\/v2\/pages\/2455"}],"collection":[{"href":"https:\/\/kvalifik.hu\/eng\/wp-json\/wp\/v2\/pages"}],"about":[{"href":"https:\/\/kvalifik.hu\/eng\/wp-json\/wp\/v2\/types\/page"}],"author":[{"embeddable":true,"href":"https:\/\/kvalifik.hu\/eng\/wp-json\/wp\/v2\/users\/1"}],"replies":[{"embeddable":true,"href":"https:\/\/kvalifik.hu\/eng\/wp-json\/wp\/v2\/comments?post=2455"}],"version-history":[{"count":0,"href":"https:\/\/kvalifik.hu\/eng\/wp-json\/wp\/v2\/pages\/2455\/revisions"}],"wp:attachment":[{"href":"https:\/\/kvalifik.hu\/eng\/wp-json\/wp\/v2\/media?parent=2455"}],"curies":[{"name":"wp","href":"https:\/\/api.w.org\/{rel}","templated":true}]}}