{"id":2551,"date":"2022-07-28T11:15:33","date_gmt":"2022-07-28T11:15:33","guid":{"rendered":"https:\/\/www.kvalifik.hu\/\/?page_id=2551"},"modified":"2023-08-09T07:30:28","modified_gmt":"2023-08-09T07:30:28","slug":"nyomasmero-kalibralas-3-%c2%b5bar-1001-bar-absz-0-1000-bar-tulnyomas","status":"publish","type":"page","link":"https:\/\/kvalifik.hu\/eng\/nyomasmero-kalibralas-3-%c2%b5bar-1001-bar-absz-0-1000-bar-tulnyomas\/","title":{"rendered":"Nyom\u00e1sm\u00e9r\u0151 kalibr\u00e1l\u00e1s (3 \u00b5bar&#8230;1001 bar absz., 0&#8230;1000 bar t\u00falnyom\u00e1s)"},"content":{"rendered":"\t\t<div data-elementor-type=\"wp-page\" data-elementor-id=\"2551\" class=\"elementor elementor-2551\">\n\t\t\t\t\t\t\t\t\t<section class=\"elementor-section elementor-top-section elementor-element elementor-element-7f268638 elementor-section-boxed elementor-section-height-default elementor-section-height-default\" data-id=\"7f268638\" data-element_type=\"section\">\n\t\t\t\t\t\t<div class=\"elementor-container elementor-column-gap-default\">\n\t\t\t\t\t<div class=\"elementor-column elementor-col-100 elementor-top-column elementor-element elementor-element-c4b1b4a\" data-id=\"c4b1b4a\" data-element_type=\"column\">\n\t\t\t<div class=\"elementor-widget-wrap elementor-element-populated\">\n\t\t\t\t\t\t\t\t<div class=\"elementor-element elementor-element-a6773d7 elementor-widget elementor-widget-text-editor\" data-id=\"a6773d7\" data-element_type=\"widget\" data-widget_type=\"text-editor.default\">\n\t\t\t\t<div class=\"elementor-widget-container\">\n\t\t\t<style>\/*! elementor - v3.10.0 - 09-01-2023 *\/\n.elementor-widget-text-editor.elementor-drop-cap-view-stacked .elementor-drop-cap{background-color:#818a91;color:#fff}.elementor-widget-text-editor.elementor-drop-cap-view-framed .elementor-drop-cap{color:#818a91;border:3px solid;background-color:transparent}.elementor-widget-text-editor:not(.elementor-drop-cap-view-default) .elementor-drop-cap{margin-top:8px}.elementor-widget-text-editor:not(.elementor-drop-cap-view-default) .elementor-drop-cap-letter{width:1em;height:1em}.elementor-widget-text-editor .elementor-drop-cap{float:left;text-align:center;line-height:1;font-size:50px}.elementor-widget-text-editor .elementor-drop-cap-letter{display:inline-block}<\/style>\t\t\t\t<h2>Pressure gauge calibration (3 \u00b5bar\u20261001 bar absolute, 0\u20261000 bar overpressure)<\/h2>\nIn our laboratory, we offer accredited calibration services for instruments suitable for measuring the pressure and vacuum of gases and liquids using our precision standards.\n\nWe calibrate the following instruments:\n<img decoding=\"async\" class=\"size-full wp-image-2554 alignright\" src=\"https:\/\/www.kvalifik.hu\/wp-content\/uploads\/2022\/07\/nyomas.png\" alt=\"\" width=\"203\" height=\"120\" srcset=\"https:\/\/kvalifik.hu\/eng\/wp-content\/uploads\/2022\/07\/nyomas.png 203w, https:\/\/kvalifik.hu\/eng\/wp-content\/uploads\/2022\/07\/nyomas-200x118.png 200w\" sizes=\"(max-width: 203px) 100vw, 203px\" \/>\n<ul>\n \t<li>Absolute and gauge pressure gauges<\/li>\n \t<li>Vacuum gauges<\/li>\n \t<li>Barometers<\/li>\n \t<li>Low vacuum gauges (in the \u00b5bar range)<\/li>\n \t<li>Pressure transducers with voltage or current output<\/li>\n \t<li>Pressure calibrators<\/li>\n<\/ul>\nCalibration can be performed on-site or in our laboratory.\t\t\t\t\t\t<\/div>\n\t\t\t\t<\/div>\n\t\t\t\t\t<\/div>\n\t\t<\/div>\n\t\t\t\t\t\t\t<\/div>\n\t\t<\/section>\n\t\t\t\t<section class=\"elementor-section elementor-top-section elementor-element elementor-element-1f4a0cff elementor-section-boxed elementor-section-height-default elementor-section-height-default\" data-id=\"1f4a0cff\" data-element_type=\"section\">\n\t\t\t\t\t\t<div class=\"elementor-container elementor-column-gap-default\">\n\t\t\t\t\t<div class=\"elementor-column elementor-col-50 elementor-top-column elementor-element elementor-element-58a2ba13\" data-id=\"58a2ba13\" data-element_type=\"column\">\n\t\t\t<div class=\"elementor-widget-wrap elementor-element-populated\">\n\t\t\t\t\t\t\t\t<div class=\"elementor-element elementor-element-630035c4 elementor-align-right elementor-widget elementor-widget-button\" data-id=\"630035c4\" data-element_type=\"widget\" data-widget_type=\"button.default\">\n\t\t\t\t<div class=\"elementor-widget-container\">\n\t\t\t\t\t<div class=\"elementor-button-wrapper\">\n\t\t\t<a href=\"https:\/\/kvalifik.hu\/eng\/muszer-kalibralas\/\" class=\"elementor-button-link elementor-button elementor-size-md\" role=\"button\">\n\t\t\t\t\t\t<span class=\"elementor-button-content-wrapper\">\n\t\t\t\t\t\t\t<span class=\"elementor-button-icon elementor-align-icon-left\">\n\t\t\t\t<i aria-hidden=\"true\" class=\"far fa-edit\"><\/i>\t\t\t<\/span>\n\t\t\t\t\t\t<span class=\"elementor-button-text\">Price request for calibration<\/span>\n\t\t<\/span>\n\t\t\t\t\t<\/a>\n\t\t<\/div>\n\t\t\t\t<\/div>\n\t\t\t\t<\/div>\n\t\t\t\t\t<\/div>\n\t\t<\/div>\n\t\t\t\t<div class=\"elementor-column elementor-col-50 elementor-top-column elementor-element elementor-element-67b2d250\" data-id=\"67b2d250\" data-element_type=\"column\">\n\t\t\t<div class=\"elementor-widget-wrap elementor-element-populated\">\n\t\t\t\t\t\t\t\t<div class=\"elementor-element elementor-element-487ef893 elementor-align-left elementor-widget elementor-widget-button\" data-id=\"487ef893\" data-element_type=\"widget\" data-widget_type=\"button.default\">\n\t\t\t\t<div class=\"elementor-widget-container\">\n\t\t\t\t\t<div class=\"elementor-button-wrapper\">\n\t\t\t<a href=\"https:\/\/kvalifik.hu\/eng\/uzlet\/\" class=\"elementor-button-link elementor-button elementor-size-md\" role=\"button\">\n\t\t\t\t\t\t<span class=\"elementor-button-content-wrapper\">\n\t\t\t\t\t\t\t<span class=\"elementor-button-icon elementor-align-icon-left\">\n\t\t\t\t<i aria-hidden=\"true\" class=\"fas fa-shopping-cart\"><\/i>\t\t\t<\/span>\n\t\t\t\t\t\t<span class=\"elementor-button-text\">Webshop<\/span>\n\t\t<\/span>\n\t\t\t\t\t<\/a>\n\t\t<\/div>\n\t\t\t\t<\/div>\n\t\t\t\t<\/div>\n\t\t\t\t\t<\/div>\n\t\t<\/div>\n\t\t\t\t\t\t\t<\/div>\n\t\t<\/section>\n\t\t\t\t<section class=\"elementor-section elementor-top-section elementor-element elementor-element-2423210c elementor-section-boxed elementor-section-height-default elementor-section-height-default\" data-id=\"2423210c\" data-element_type=\"section\">\n\t\t\t\t\t\t<div class=\"elementor-container elementor-column-gap-default\">\n\t\t\t\t\t<div class=\"elementor-column elementor-col-100 elementor-top-column elementor-element elementor-element-7bd1fb6c\" data-id=\"7bd1fb6c\" data-element_type=\"column\">\n\t\t\t<div class=\"elementor-widget-wrap elementor-element-populated\">\n\t\t\t\t\t\t\t\t<div class=\"elementor-element elementor-element-4ec6d742 elementor-widget elementor-widget-text-editor\" data-id=\"4ec6d742\" data-element_type=\"widget\" data-widget_type=\"text-editor.default\">\n\t\t\t\t<div class=\"elementor-widget-container\">\n\t\t\t\t\t\t\t<h3>Calibration deadline is 5 business days. For urgent cases, it can be completed within\u00a0<span style=\"color: #ff0000;\">1 business day.<\/span><\/h3>\t\t\t\t\t\t<\/div>\n\t\t\t\t<\/div>\n\t\t\t\t\t<\/div>\n\t\t<\/div>\n\t\t\t\t\t\t\t<\/div>\n\t\t<\/section>\n\t\t\t\t<section class=\"elementor-section elementor-top-section elementor-element elementor-element-5c213f89 elementor-section-boxed elementor-section-height-default elementor-section-height-default\" data-id=\"5c213f89\" data-element_type=\"section\">\n\t\t\t\t\t\t<div class=\"elementor-container elementor-column-gap-default\">\n\t\t\t\t\t<div class=\"elementor-column elementor-col-100 elementor-top-column elementor-element elementor-element-39c796b1\" data-id=\"39c796b1\" data-element_type=\"column\">\n\t\t\t<div class=\"elementor-widget-wrap\">\n\t\t\t\t\t\t\t\t\t<\/div>\n\t\t<\/div>\n\t\t\t\t\t\t\t<\/div>\n\t\t<\/section>\n\t\t\t\t\t\t\t<\/div>\n\t\t","protected":false},"excerpt":{"rendered":"<p>Pressure gauge calibration (3 \u00b5bar\u20261001 bar absolute, 0\u20261000 bar overpressure) In our laboratory, we offer accredited calibration services for instruments suitable for measuring the pressure and vacuum of gases and liquids using our precision standards. We calibrate the following instruments: Absolute and gauge pressure gauges Vacuum gauges Barometers Low vacuum gauges (in the \u00b5bar range) [&hellip;]<\/p>\n","protected":false},"author":1,"featured_media":0,"parent":0,"menu_order":0,"comment_status":"closed","ping_status":"closed","template":"","meta":{"_sitemap_exclude":false,"_sitemap_priority":"","_sitemap_frequency":"","_mi_skip_tracking":false,"footnotes":""},"_links":{"self":[{"href":"https:\/\/kvalifik.hu\/eng\/wp-json\/wp\/v2\/pages\/2551"}],"collection":[{"href":"https:\/\/kvalifik.hu\/eng\/wp-json\/wp\/v2\/pages"}],"about":[{"href":"https:\/\/kvalifik.hu\/eng\/wp-json\/wp\/v2\/types\/page"}],"author":[{"embeddable":true,"href":"https:\/\/kvalifik.hu\/eng\/wp-json\/wp\/v2\/users\/1"}],"replies":[{"embeddable":true,"href":"https:\/\/kvalifik.hu\/eng\/wp-json\/wp\/v2\/comments?post=2551"}],"version-history":[{"count":0,"href":"https:\/\/kvalifik.hu\/eng\/wp-json\/wp\/v2\/pages\/2551\/revisions"}],"wp:attachment":[{"href":"https:\/\/kvalifik.hu\/eng\/wp-json\/wp\/v2\/media?parent=2551"}],"curies":[{"name":"wp","href":"https:\/\/api.w.org\/{rel}","templated":true}]}}