{"id":2838,"date":"2022-07-28T13:53:10","date_gmt":"2022-07-28T13:53:10","guid":{"rendered":"https:\/\/www.kvalifik.hu\/\/?page_id=2838"},"modified":"2023-08-03T11:28:34","modified_gmt":"2023-08-03T11:28:34","slug":"adatvedelem","status":"publish","type":"page","link":"https:\/\/kvalifik.hu\/eng\/adatvedelem\/","title":{"rendered":"Privacy policy"},"content":{"rendered":"\t\t<div data-elementor-type=\"wp-page\" data-elementor-id=\"2838\" class=\"elementor elementor-2838\">\n\t\t\t\t\t\t\t\t\t<section class=\"elementor-section elementor-top-section elementor-element elementor-element-e37e472 elementor-section-boxed elementor-section-height-default elementor-section-height-default\" data-id=\"e37e472\" data-element_type=\"section\">\n\t\t\t\t\t\t<div class=\"elementor-container elementor-column-gap-default\">\n\t\t\t\t\t<div class=\"elementor-column elementor-col-50 elementor-top-column elementor-element elementor-element-7d6fc91\" data-id=\"7d6fc91\" data-element_type=\"column\">\n\t\t\t<div class=\"elementor-widget-wrap elementor-element-populated\">\n\t\t\t\t\t\t\t\t<div class=\"elementor-element elementor-element-390ce4c elementor-widget elementor-widget-text-editor\" data-id=\"390ce4c\" data-element_type=\"widget\" data-widget_type=\"text-editor.default\">\n\t\t\t\t<div class=\"elementor-widget-container\">\n\t\t\t<style>\/*! elementor - v3.10.0 - 09-01-2023 *\/\n.elementor-widget-text-editor.elementor-drop-cap-view-stacked .elementor-drop-cap{background-color:#818a91;color:#fff}.elementor-widget-text-editor.elementor-drop-cap-view-framed .elementor-drop-cap{color:#818a91;border:3px solid;background-color:transparent}.elementor-widget-text-editor:not(.elementor-drop-cap-view-default) .elementor-drop-cap{margin-top:8px}.elementor-widget-text-editor:not(.elementor-drop-cap-view-default) .elementor-drop-cap-letter{width:1em;height:1em}.elementor-widget-text-editor .elementor-drop-cap{float:left;text-align:center;line-height:1;font-size:50px}.elementor-widget-text-editor .elementor-drop-cap-letter{display:inline-block}<\/style>\t\t\t\t<table border=\"0\" cellspacing=\"0\" cellpadding=\"0\"><tbody><tr><td>Name<\/td><td>KVALIFIK M\u00e9r\u00e9stechnikai Min\u0151s\u00edt\u0151 \u00e9s Szolg\u00e1ltat\u00f3 Kft.<\/td><\/tr><tr><td>Head office, place of business.:<\/td><td>1118 Budapest, Sasadi \u00fat 78.,<br \/>Hungary<\/td><\/tr><tr><td>Contact<\/td><td>Phone: +36-1-246-3678, +36-1-246-3679<br \/>E-mail:\u00a0<a href=\"mailto:info@kvalifik.hu\">info@kvalifik.hu<\/a><\/td><\/tr><tr><td>Registering authority:<\/td><td>Metropolitan Court of Budapest, as Company Court<\/td><\/tr><tr><td>Company registration number:<\/td><td>01-09-077847<\/td><\/tr><tr><td>TAX Number:<\/td><td>10577130-2-43<\/td><\/tr><tr><td>Hosting\u00a0 \u00a0<\/td><td>MAXER Hosting Kft.<br \/>Location: 9024 Gy\u0151r, R\u00e9pce u. 24.<br \/>Site: 1134 Budapest, Lehel u. 4.\/c<br \/>E-mail:\u00a0<a href=\"mailto:support@maxer.hu\">support@maxer.hu<\/a><\/td><\/tr><\/tbody><\/table>\t\t\t\t\t\t<\/div>\n\t\t\t\t<\/div>\n\t\t\t\t\t<\/div>\n\t\t<\/div>\n\t\t\t\t<div class=\"elementor-column elementor-col-50 elementor-top-column elementor-element elementor-element-31ac755\" data-id=\"31ac755\" data-element_type=\"column\">\n\t\t\t<div class=\"elementor-widget-wrap elementor-element-populated\">\n\t\t\t\t\t\t\t\t<div class=\"elementor-element elementor-element-9e24fd1 elementor-widget elementor-widget-image\" data-id=\"9e24fd1\" data-element_type=\"widget\" data-widget_type=\"image.default\">\n\t\t\t\t<div class=\"elementor-widget-container\">\n\t\t\t<style>\/*! elementor - v3.10.0 - 09-01-2023 *\/\n.elementor-widget-image{text-align:center}.elementor-widget-image a{display:inline-block}.elementor-widget-image a img[src$=\".svg\"]{width:48px}.elementor-widget-image img{vertical-align:middle;display:inline-block}<\/style>\t\t\t\t\t\t\t\t\t\t\t\t\t<a href=\"https:\/\/kvalifik.hu\/eng\/wp-content\/uploads\/2023\/08\/adatvedelem.pdf\">\n\t\t\t\t\t\t\t<img decoding=\"async\" width=\"200\" height=\"261\" src=\"https:\/\/kvalifik.hu\/eng\/wp-content\/uploads\/2023\/08\/dataprotection.png\" class=\"attachment-large size-large wp-image-1000001039\" alt=\"\" \/>\t\t\t\t\t\t\t\t<\/a>\n\t\t\t\t\t\t\t\t\t\t\t\t\t\t\t<\/div>\n\t\t\t\t<\/div>\n\t\t\t\t\t<\/div>\n\t\t<\/div>\n\t\t\t\t\t\t\t<\/div>\n\t\t<\/section>\n\t\t\t\t\t\t\t<\/div>\n\t\t","protected":false},"excerpt":{"rendered":"<p>Name KVALIFIK M\u00e9r\u00e9stechnikai Min\u0151s\u00edt\u0151 \u00e9s Szolg\u00e1ltat\u00f3 Kft. Head office, place of business.: 1118 Budapest, Sasadi \u00fat 78., Hungary Contact Phone: +36-1-246-3678, +36-1-246-3679 E-mail:\u00a0info@kvalifik.hu Registering authority: Metropolitan Court of Budapest, as Company Court Company registration number: 01-09-077847 TAX Number: 10577130-2-43 Hosting MAXER Hosting Kft. Location: 9024 Gy\u0151r, R\u00e9pce u. 24. Site: 1134 Budapest, Lehel u. 4.\/c [&hellip;]<\/p>\n","protected":false},"author":1,"featured_media":0,"parent":0,"menu_order":0,"comment_status":"closed","ping_status":"closed","template":"","meta":{"_sitemap_exclude":false,"_sitemap_priority":"","_sitemap_frequency":"","_mi_skip_tracking":false,"footnotes":""},"_links":{"self":[{"href":"https:\/\/kvalifik.hu\/eng\/wp-json\/wp\/v2\/pages\/2838"}],"collection":[{"href":"https:\/\/kvalifik.hu\/eng\/wp-json\/wp\/v2\/pages"}],"about":[{"href":"https:\/\/kvalifik.hu\/eng\/wp-json\/wp\/v2\/types\/page"}],"author":[{"embeddable":true,"href":"https:\/\/kvalifik.hu\/eng\/wp-json\/wp\/v2\/users\/1"}],"replies":[{"embeddable":true,"href":"https:\/\/kvalifik.hu\/eng\/wp-json\/wp\/v2\/comments?post=2838"}],"version-history":[{"count":0,"href":"https:\/\/kvalifik.hu\/eng\/wp-json\/wp\/v2\/pages\/2838\/revisions"}],"wp:attachment":[{"href":"https:\/\/kvalifik.hu\/eng\/wp-json\/wp\/v2\/media?parent=2838"}],"curies":[{"name":"wp","href":"https:\/\/api.w.org\/{rel}","templated":true}]}}