{"id":100000375,"date":"2026-04-27T10:36:04","date_gmt":"2026-04-27T10:36:04","guid":{"rendered":"https:\/\/kvalifik.hu\/eng\/?post_type=product&#038;p=100000375"},"modified":"2026-04-27T10:36:10","modified_gmt":"2026-04-27T10:36:10","slug":"kvdlog200e-sensor-external-temperature-probe-pt100-for-log200e","status":"publish","type":"product","link":"https:\/\/kvalifik.hu\/eng\/termek\/kvdlog200e-sensor-external-temperature-probe-pt100-for-log200e\/","title":{"rendered":"KVDLOG200E-Sensor &#8211; External Temperature probe PT100 for LOG200E"},"content":{"rendered":"<h2>External Temperature probe for instrument <a href=\"https:\/\/www.kvalifik.hu\/termek\/kvdlog200e-homerseklet-adatgyujto-belso-es-kulso-pt-100-erzekelovel\/\" style=\"color:blue\">LOG200E<\/a><\/h2>\n<p>External Temperature probe PT100 for LOG200E with 3m PTFE-cable<br \/>\nSensor 1\/3 DIN, temperature range -200\u00b0C&#8230;+200\u00b0C, dimensions tube 30 x 4mm, with 3m PTFE-cable<\/p>\n<p><strong>Related product:<\/strong><br \/>\n<strong><u><a href=\"https:\/\/www.kvalifik.hu\/termek\/kvdlog200e-homerseklet-adatgyujto-belso-es-kulso-pt-100-erzekelovel\/\" style=\"color:blue\">KVDLOG200E temperature datalogger with internal and external sensors<\/a><\/u><\/strong><\/p>\n<p><strong><u><a href=\"https:\/\/www.kvalifik.hu\/wp-content\/uploads\/manuals\/KVDLOG200_210_220.pdf\" style=\"color:blue\">Kezel\u00e9si \u00fatmutat\u00f3<\/a><\/u><\/strong><\/p>\n","protected":false},"excerpt":{"rendered":"<p>External Temperature probe for instrument LOG200E External Temperature probe PT100 for LOG200E with 3m PTFE-cable Sensor 1\/3 DIN, temperature range -200\u00b0C&#8230;+200\u00b0C, dimensions tube 30 x 4mm, with 3m PTFE-cable Related product: KVDLOG200E temperature datalogger with internal and external sensors Kezel\u00e9si \u00fatmutat\u00f3<\/p>\n","protected":false},"featured_media":0,"template":"","meta":{"_sitemap_exclude":false,"_sitemap_priority":"","_sitemap_frequency":"","_mi_skip_tracking":false},"product_cat":[55],"product_tag":[],"_links":{"self":[{"href":"https:\/\/kvalifik.hu\/eng\/wp-json\/wp\/v2\/product\/100000375"}],"collection":[{"href":"https:\/\/kvalifik.hu\/eng\/wp-json\/wp\/v2\/product"}],"about":[{"href":"https:\/\/kvalifik.hu\/eng\/wp-json\/wp\/v2\/types\/product"}],"wp:attachment":[{"href":"https:\/\/kvalifik.hu\/eng\/wp-json\/wp\/v2\/media?parent=100000375"}],"wp:term":[{"taxonomy":"product_cat","embeddable":true,"href":"https:\/\/kvalifik.hu\/eng\/wp-json\/wp\/v2\/product_cat?post=100000375"},{"taxonomy":"product_tag","embeddable":true,"href":"https:\/\/kvalifik.hu\/eng\/wp-json\/wp\/v2\/product_tag?post=100000375"}],"curies":[{"name":"wp","href":"https:\/\/api.w.org\/{rel}","templated":true}]}}